{"id":100,"date":"2020-01-10T21:05:50","date_gmt":"2020-01-10T20:05:50","guid":{"rendered":"https:\/\/www.minibini.at\/shop\/?post_type=product&#038;p=100"},"modified":"2025-02-10T14:10:42","modified_gmt":"2025-02-10T13:10:42","slug":"xl-mama-tasche","status":"publish","type":"product","link":"https:\/\/www.minibini.at\/shop\/produkt\/xl-mama-tasche\/","title":{"rendered":"XL Mama Taschen"},"content":{"rendered":"<div>\n<p>Ein Must-Have f\u00fcr alle Mamas oder Frauen, die einfach gro\u00dfe Taschen brauchen\u2013 eine <strong>extra gro\u00dfe Tasche!<br \/>\n<\/strong>Diese gro\u00dfe Tasche bietet vier kleine F\u00e4cher in der Innenseite und drei auf der Au\u00dfenseite und ist Optimiert f\u00fcr den Alltag mit Babys. Sie ist mit einem kompakten Pad gepolstert und gro\u00df genug, um alle notwendigen Sachen f\u00fcr Dein Baby (und auch von Dir) einzupacken!<\/p>\n<p>Die XL Tasche hat zwei Griffe und einen praktischen, verstellbaren (abnehmbaren) Gurt, der zusammen mit einem Schultergurt und zwei Universalschnallen an <strong>jedem Kinderwagen befestigt werden<\/strong> kann. <strong>Die Gr\u00f6\u00dfe entspricht auch dem internationalen Handgep\u00e4ck Standard!<\/strong><\/p>\n<p>Und dazu bekommst du noch eine kleine passende Tasche f\u00fcr die Dokumente oder ein paar Kleinigkeiten (13x18cm).<\/p>\n<p>Die Farben der abgebildeten Artikel k\u00f6nnen vom Original je nach Monitor und Aufl\u00f6sung abweichen, daf\u00fcr k\u00f6nnen wir keine Garantie \u00fcbernehmen.<\/p>\n<\/div>\n<p>Wichtig: Hellere Materialien reagieren manchmal empfindlich auf Farb\u00fcbertragung, wenn sie gegen andere Textilmaterialien wie dunkle Jeans, dunklere M\u00e4ntel usw. gerieben werden \u2013 am besten sowas vermeiden \ud83d\ude09 Wir empfehlen au\u00dferdem, dass die Produkte nicht zu lange direktem Sonnenlicht ausgesezt sind.<\/p>\n<p><img loading=\"lazy\" decoding=\"async\" class=\"aligncenter wp-image-293 size-thumbnail\" src=\"https:\/\/www.minibini.at\/shop\/wp-content\/uploads\/2020\/01\/MamaTasche_7_1-150x150.jpg\" alt=\"MamaTasche schwarz ocker seite\" width=\"150\" height=\"150\" srcset=\"https:\/\/www.minibini.at\/shop\/wp-content\/uploads\/2020\/01\/MamaTasche_7_1-150x150.jpg 150w, https:\/\/www.minibini.at\/shop\/wp-content\/uploads\/2020\/01\/MamaTasche_7_1-340x340.jpg 340w, https:\/\/www.minibini.at\/shop\/wp-content\/uploads\/2020\/01\/MamaTasche_7_1-100x100.jpg 100w, https:\/\/www.minibini.at\/shop\/wp-content\/uploads\/2020\/01\/MamaTasche_7_1-600x600.jpg 600w, https:\/\/www.minibini.at\/shop\/wp-content\/uploads\/2020\/01\/MamaTasche_7_1-300x300.jpg 300w, https:\/\/www.minibini.at\/shop\/wp-content\/uploads\/2020\/01\/MamaTasche_7_1.jpg 720w\" sizes=\"auto, (max-width: 150px) 100vw, 150px\" \/><\/p>\n","protected":false},"excerpt":{"rendered":"<ul>\n<li>XL Gr\u00f6\u00dfe (B 17 x H 27 x L 40 cm)<\/li>\n<li>Dazu eine kleine passende Tasche<\/li>\n<li>Die Gr\u00f6\u00dfe entspricht dem internationalen Handgep\u00e4ck Standard<\/li>\n<li>4 F\u00e4cher innen &amp; 3 au\u00dfen<\/li>\n<li>Steht von alleine (kippt nicht!)<\/li>\n<li>Gurte sind verstellbar &amp; passen auf jeden Kinderwagen<\/li>\n<li>Die Farben k\u00f6nnen nach Deinem Wunsch angepasst werden<\/li>\n<li>Fragen?\n<ul>\n<li>Direkt <a href=\"https:\/\/wa.me\/436606202357\" target=\"_blank\" rel=\"noopener\">WhatsApp 06606202357<\/a><\/li>\n<li><a href=\"mailto:kontakt@minibini.at\" target=\"_blank\" rel=\"noopener noreferrer\">kontakt@minibini.at<\/a><\/li>\n<\/ul>\n<\/li>\n<\/ul>\n<p>&nbsp;<\/p>\n","protected":false},"featured_media":5460,"comment_status":"open","ping_status":"closed","template":"","meta":[],"product_brand":[],"product_cat":[503,38],"product_tag":[71,74,73,72],"class_list":{"0":"post-100","1":"product","2":"type-product","3":"status-publish","4":"has-post-thumbnail","6":"product_cat-herbst-winter-minibini-kollektion","7":"product_cat-frauen-taschen-minibini","8":"product_tag-grosse-mama-tasche","9":"product_tag-grosse-tasche","10":"product_tag-mama-tasche","11":"product_tag-mommybag","12":"alm-qv-enable","13":"almaira-woo-hover-zoom","14":"almaira-woo-alignment-center","15":"almaira-single-product-tab-horizontal","16":"almaira-shadow-0","17":"almaira-shadow-hover-0","19":"first","20":"instock","21":"shipping-taxable","22":"purchasable","23":"product-type-variable"},"jetpack_sharing_enabled":true,"_links":{"self":[{"href":"https:\/\/www.minibini.at\/shop\/wp-json\/wp\/v2\/product\/100","targetHints":{"allow":["GET"]}}],"collection":[{"href":"https:\/\/www.minibini.at\/shop\/wp-json\/wp\/v2\/product"}],"about":[{"href":"https:\/\/www.minibini.at\/shop\/wp-json\/wp\/v2\/types\/product"}],"replies":[{"embeddable":true,"href":"https:\/\/www.minibini.at\/shop\/wp-json\/wp\/v2\/comments?post=100"}],"wp:featuredmedia":[{"embeddable":true,"href":"https:\/\/www.minibini.at\/shop\/wp-json\/wp\/v2\/media\/5460"}],"wp:attachment":[{"href":"https:\/\/www.minibini.at\/shop\/wp-json\/wp\/v2\/media?parent=100"}],"wp:term":[{"taxonomy":"product_brand","embeddable":true,"href":"https:\/\/www.minibini.at\/shop\/wp-json\/wp\/v2\/product_brand?post=100"},{"taxonomy":"product_cat","embeddable":true,"href":"https:\/\/www.minibini.at\/shop\/wp-json\/wp\/v2\/product_cat?post=100"},{"taxonomy":"product_tag","embeddable":true,"href":"https:\/\/www.minibini.at\/shop\/wp-json\/wp\/v2\/product_tag?post=100"}],"curies":[{"name":"wp","href":"https:\/\/api.w.org\/{rel}","templated":true}]}}