{"id":1171,"date":"2020-02-26T15:04:16","date_gmt":"2020-02-26T14:04:16","guid":{"rendered":"https:\/\/www.minibini.at\/shop\/?page_id=1171"},"modified":"2025-10-16T08:48:03","modified_gmt":"2025-10-16T06:48:03","slug":"agbs","status":"publish","type":"page","link":"https:\/\/www.minibini.at\/shop\/agbs\/","title":{"rendered":"Hilfe &#038; Allgemeine Gesch\u00e4ftsbedingungen"},"content":{"rendered":"\n<p><strong>Versand, Umtausch und R\u00fcckgabe<\/strong><br>Deine Ware wird in der Regel innerhalb von 2 bis 16 Werktage nach Zahlungseingang versandt und du wirst \u00fcber den Status informiert.<br>Wenn du die Bezahlung vor Ort ausgew\u00e4hlt hast, wirst du per Email oder Telefon informiert, wann du sie abholen kannst. <br><br>Jeder Artikel, den Du bei Minibini \u00d6sterreich bestellst, wird einzeln (auf Lager\/Bestellung oder auf Wunsch!) angefertigt. Da unterscheidet sich Minibini \u00d6sterreich von klassischen Versandh\u00e4ndlern. <br><br>Auf Wunsch angefertigte Ware kann nicht wieder ins Lager zur\u00fcckgelegt und weiterverkauft werden, daher sind \u201eAuf-Wunsch\u201c Bestellungen vom Umtausch oder R\u00fcckgaube ausgeschlossen. <br><br>In jedem Fall will ich, dass Du mit Deiner Bestellung zufrieden bist. Daher kannst Du Dich auf faire R\u00fcckgaberegeln verlassen.<br><br><strong>30-Tage-Umtauschgarantie<\/strong><br>Lager-Ware oder auf Bestellung:<br>Tausche Deine Ware innerhalb von 30 Tagen ab Versanddatum um, egal ob Dir der Artikel nicht passt, nicht gef\u00e4llt oder aus anderen Gr\u00fcnden nicht<br>Deinen Erwartungen entspricht. Wir bieten Dir folgende R\u00fcckgabeoptionen an:<br>\u2022 Umtausch gegen neue Ware<br>\u2022 Umtausch gegen einen Gutschein f\u00fcr Deine n\u00e4chste Bestellung<br><br>Auf-Wunsch Bestellungen:<br>Artikel, welche nach deinem Geschmack und Design (Material und Farbauswahl von dir bestimmt) gefertigt werden, sind vom Umtausch oder von der R\u00fcckgabe ausgeschlossen.<br><br>Deine R\u00fcckgabe wird in der Regel innerhalb von zehn Werktagen bearbeitet.<br><br>Ab einem Bestellwert von 100,- \u20ac \u00fcbernimmt Minibini \u00d6sterreich die R\u00fccksendekosten.<br><br>Unaufgefordert zur\u00fcckgesandte Artikel k\u00f6nnen nicht bearbeitet werden.<br>Artikel die in\/um Intimbereiche sowie auf Nase \/ Mund getragen werden sind vom Umtausch ausgeschlossen.<br><br><strong>Produktfotos<\/strong><br>Die Farben der abgebildeten Artikel k\u00f6nnen vom Original je nach Monitor und Aufl\u00f6sung abweichen, daf\u00fcr k\u00f6nnen wir keine Garantie \u00fcbernehmen.<br><br><br><strong>Accessories<\/strong><br>Jedes Produkt (Rucksack, Tasche etc) wird einzeln angefertigt und dadurch kann es, je nach Verf\u00fcgbarkeit, zu kleinen Abweichungen kommen (zum Beispiel die Zippverschluss-Farbe) &#8211; die Materialien sind aber immer wie bestellt oder abgesprochen.<br><br><br>Bei Fragen oder Anregungen stehe ich dir gerne zur Seite!<\/p>\n\n\n\n<p>Deine Petra!<\/p>\n\n\n\n<p>Aktualisiert am 16.10.2025<\/p>\n","protected":false},"excerpt":{"rendered":"<p>Versand, Umtausch und R\u00fcckgabeDeine Ware wird in der Regel innerhalb von 2 bis 16 Werktage nach Zahlungseingang versandt und du wirst \u00fcber den Status informiert.Wenn du die Bezahlung vor Ort ausgew\u00e4hlt hast, wirst du per Email oder Telefon informiert, wann du sie abholen kannst. Jeder Artikel, den Du bei Minibini \u00d6sterreich bestellst, wird einzeln (auf &hellip;<\/p>\n<p class=\"read-more\"> <a class=\" thunk-readmore button \" href=\"https:\/\/www.minibini.at\/shop\/agbs\/\"> <span class=\"screen-reader-text\">Hilfe &#038; Allgemeine Gesch\u00e4ftsbedingungen<\/span>Read More<\/a><\/p>\n","protected":false},"author":2,"featured_media":0,"parent":0,"menu_order":0,"comment_status":"closed","ping_status":"closed","template":"","meta":{"footnotes":""},"class_list":["post-1171","page","type-page","status-publish","hentry","alm-qv-enable","almaira-woo-hover-zoom","almaira-woo-alignment-center","almaira-single-product-tab-horizontal","almaira-shadow-0","almaira-shadow-hover-0"],"jetpack_sharing_enabled":true,"_links":{"self":[{"href":"https:\/\/www.minibini.at\/shop\/wp-json\/wp\/v2\/pages\/1171","targetHints":{"allow":["GET"]}}],"collection":[{"href":"https:\/\/www.minibini.at\/shop\/wp-json\/wp\/v2\/pages"}],"about":[{"href":"https:\/\/www.minibini.at\/shop\/wp-json\/wp\/v2\/types\/page"}],"author":[{"embeddable":true,"href":"https:\/\/www.minibini.at\/shop\/wp-json\/wp\/v2\/users\/2"}],"replies":[{"embeddable":true,"href":"https:\/\/www.minibini.at\/shop\/wp-json\/wp\/v2\/comments?post=1171"}],"version-history":[{"count":1,"href":"https:\/\/www.minibini.at\/shop\/wp-json\/wp\/v2\/pages\/1171\/revisions"}],"predecessor-version":[{"id":7976,"href":"https:\/\/www.minibini.at\/shop\/wp-json\/wp\/v2\/pages\/1171\/revisions\/7976"}],"wp:attachment":[{"href":"https:\/\/www.minibini.at\/shop\/wp-json\/wp\/v2\/media?parent=1171"}],"curies":[{"name":"wp","href":"https:\/\/api.w.org\/{rel}","templated":true}]}}