{"id":10,"date":"2020-01-10T07:25:37","date_gmt":"2020-01-10T06:25:37","guid":{"rendered":"http:\/\/www.minibini.at\/shop\/?page_id=10"},"modified":"2021-04-14T09:45:46","modified_gmt":"2021-04-14T07:45:46","slug":"basket","status":"publish","type":"page","link":"https:\/\/www.minibini.at\/shop\/basket\/","title":{"rendered":"Basket"},"content":{"rendered":"\n\n\n\n<p class=\"has-text-align-center has-vivid-red-color has-text-color\" style=\"font-size:19px\"><strong>RABATTCODE GEGEN FEEDBACK?!<\/strong><\/p>\n\n\n\n<p class=\"has-text-align-center\">Schon mal bei Minibini bestellt und bist mit deiner Bestellung zufrieden? Oder hast du dich beraten lassen und m\u00f6chtest  von deiner positiven Erfahrung auch <strong>anderen erz\u00e4hlen<\/strong>? <\/p>\n\n\n\n<p class=\"has-text-align-center has-vivid-red-color has-text-color\" style=\"font-size:18px\">Schreibe eine <strong>Bewertung <\/strong>auf Facebook und\/oder auf der Webseite und ich schicke dir <strong>deinen pers\u00f6nlichen Gutscheincode<\/strong> mit<br><strong>10% Rabatt f\u00fcr Deine n\u00e4chste Bestellung!<\/strong><\/p>\n","protected":false},"excerpt":{"rendered":"<p>RABATTCODE GEGEN FEEDBACK?! Schon mal bei Minibini bestellt und bist mit deiner Bestellung zufrieden? Oder hast du dich beraten lassen und m\u00f6chtest von deiner positiven Erfahrung auch anderen erz\u00e4hlen? Schreibe eine Bewertung auf Facebook und\/oder auf der Webseite und ich schicke dir deinen pers\u00f6nlichen Gutscheincode mit10% Rabatt f\u00fcr Deine n\u00e4chste Bestellung!<\/p>\n","protected":false},"author":1,"featured_media":0,"parent":0,"menu_order":4,"comment_status":"closed","ping_status":"closed","template":"","meta":{"footnotes":""},"class_list":["post-10","page","type-page","status-publish","hentry","alm-qv-enable","almaira-woo-hover-zoom","almaira-woo-alignment-center","almaira-single-product-tab-horizontal","almaira-shadow-0","almaira-shadow-hover-0"],"jetpack_sharing_enabled":true,"_links":{"self":[{"href":"https:\/\/www.minibini.at\/shop\/wp-json\/wp\/v2\/pages\/10","targetHints":{"allow":["GET"]}}],"collection":[{"href":"https:\/\/www.minibini.at\/shop\/wp-json\/wp\/v2\/pages"}],"about":[{"href":"https:\/\/www.minibini.at\/shop\/wp-json\/wp\/v2\/types\/page"}],"author":[{"embeddable":true,"href":"https:\/\/www.minibini.at\/shop\/wp-json\/wp\/v2\/users\/1"}],"replies":[{"embeddable":true,"href":"https:\/\/www.minibini.at\/shop\/wp-json\/wp\/v2\/comments?post=10"}],"version-history":[{"count":0,"href":"https:\/\/www.minibini.at\/shop\/wp-json\/wp\/v2\/pages\/10\/revisions"}],"wp:attachment":[{"href":"https:\/\/www.minibini.at\/shop\/wp-json\/wp\/v2\/media?parent=10"}],"curies":[{"name":"wp","href":"https:\/\/api.w.org\/{rel}","templated":true}]}}